{"id":5,"date":"2021-12-28T14:50:16","date_gmt":"2021-12-28T13:50:16","guid":{"rendered":"https:\/\/biurorachunkowe.riotcode.pl\/?page_id=5"},"modified":"2023-04-24T09:15:41","modified_gmt":"2023-04-24T07:15:41","slug":"5-2","status":"publish","type":"page","link":"https:\/\/rawiczraciborscy.pl\/","title":{"rendered":"Strona g\u0142\u00f3wna"},"content":{"rendered":"\n<div class=\"wp-block-columns is-layout-flex wp-container-core-columns-is-layout-9d6595d7 wp-block-columns-is-layout-flex\">\n<div class=\"wp-block-column border is-layout-flow wp-block-column-is-layout-flow\">\n<div class=\"wp-block-group\"><div class=\"wp-block-group__inner-container is-layout-flow wp-block-group-is-layout-flow\">\n<h3>Dane kontaktowe<\/h3>\n\n\n\n<p>Skontaktuj si\u0119 z nami.<\/p>\n\n\n\n<p><strong>E-mail<\/strong><br><a href=\"mailto:biuro@rawiczraciborscy.pl\">biuro@rawiczraciborscy.pl<\/a><\/p>\n\n\n\n<div class=\"wp-block-group\"><div class=\"wp-block-group__inner-container is-layout-flow wp-block-group-is-layout-flow\">\n<div class=\"wp-block-columns is-layout-flex wp-container-core-columns-is-layout-9d6595d7 wp-block-columns-is-layout-flex\">\n<div class=\"wp-block-column is-layout-flow wp-block-column-is-layout-flow\">\n<p><strong>Zadzwo\u0144<\/strong><br><a href=\"tel:+48606707667\">+48 606 707 667<\/a><br><a href=\"tel:+48668662462\">+48 668 662 462<\/a><\/p>\n<\/div>\n\n\n\n<div class=\"wp-block-column is-layout-flow wp-block-column-is-layout-flow\">\n<p><strong>Adres<\/strong><br>ul. Wroc\u0142awska 53C\/94<br>30-011 Krak\u00f3w<\/p>\n\n\n\n<p><\/p>\n<\/div>\n<\/div>\n<\/div><\/div>\n<\/div><\/div>\n<\/div>\n\n\n\n<div class=\"wp-block-column border is-layout-flow wp-block-column-is-layout-flow\">\n<h3>Wy\u015blij wiadomo\u015b\u0107<\/h3>\n\n\n\n<div class=\"forminator-guttenberg\"><div class=\"forminator-ui forminator-custom-form forminator-custom-form-7 forminator-design--material  forminator_ajax\" data-forminator-render=\"0\" data-form=\"forminator-module-7\" data-uid=\"69d7ed84aab80\"><br\/><\/div><form\n\t\t\t\tid=\"forminator-module-7\"\n\t\t\t\tclass=\"forminator-ui forminator-custom-form forminator-custom-form-7 forminator-design--material  forminator_ajax\"\n\t\t\t\tmethod=\"post\"\n\t\t\t\tdata-forminator-render=\"0\"\n\t\t\t\tdata-form-id=\"7\"\n\t\t\t\t\n\t\t\t\tdata-design=\"material\"\n\t\t\t\t\n\t\t\t\t\n\t\t\t\t\n\t\t\t\tdata-grid=\"open\"\n\t\t\t\tenctype=\"multipart\/form-data\"\n\t\t\t\t\n\t\t\t\tstyle=\"display: none;\"\n\t\t\t\t\n\t\t\t\tdata-uid=\"69d7ed84aab80\"\n\t\t\t><div role=\"alert\" aria-live=\"polite\" class=\"forminator-response-message forminator-error\" aria-hidden=\"true\"><\/div><div class=\"forminator-row\"><div id=\"name-1\" class=\"forminator-field-name forminator-col forminator-col-12 \"><div class=\"forminator-field\"><label for=\"forminator-field-name-1_69d7ed84aab80\" id=\"forminator-field-name-1_69d7ed84aab80-label\" class=\"forminator-label\">Imi\u0119 i nazwisko <span class=\"forminator-required\">*<\/span><\/label><input type=\"text\" name=\"name-1\" value=\"\" placeholder=\"\" id=\"forminator-field-name-1_69d7ed84aab80\" class=\"forminator-input forminator-name--field\" aria-required=\"true\" \/><\/div><\/div><\/div><div class=\"forminator-row\"><div id=\"email-1\" class=\"forminator-field-email forminator-col forminator-col-12 \"><div class=\"forminator-field\"><label for=\"forminator-field-email-1_69d7ed84aab80\" id=\"forminator-field-email-1_69d7ed84aab80-label\" class=\"forminator-label\">Adres e-mail <span class=\"forminator-required\">*<\/span><\/label><input type=\"email\" name=\"email-1\" value=\"\" placeholder=\"\" id=\"forminator-field-email-1_69d7ed84aab80\" class=\"forminator-input forminator-email--field\" data-required=\"true\" aria-required=\"true\" \/><\/div><\/div><\/div><div class=\"forminator-row\"><div id=\"phone-1\" class=\"forminator-field-phone forminator-col forminator-col-12 \"><div class=\"forminator-field\"><label for=\"forminator-field-phone-1_69d7ed84aab80\" id=\"forminator-field-phone-1_69d7ed84aab80-label\" class=\"forminator-label\">Numer telefonu<\/label><input type=\"text\" name=\"phone-1\" value=\"\" placeholder=\"Przyk\u0142ad. +48 100 200 300\" id=\"forminator-field-phone-1_69d7ed84aab80\" class=\"forminator-input forminator-field--phone\" data-required=\"\" aria-required=\"false\" autocomplete=\"off\" \/><\/div><\/div><\/div><div class=\"forminator-row\"><div id=\"textarea-1\" class=\"forminator-field-textarea forminator-col forminator-col-12 \"><div class=\"forminator-field\"><label for=\"forminator-field-textarea-1_69d7ed84aab80\" id=\"forminator-field-textarea-1_69d7ed84aab80-label\" class=\"forminator-label\">Wiadomo\u015b\u0107<\/label><textarea name=\"textarea-1\" placeholder=\"Wpisz swoj\u0105 wiadomo\u015b\u0107...\" id=\"forminator-field-textarea-1_69d7ed84aab80\" class=\"forminator-textarea\" rows=\"6\" style=\"min-height:140px;\" maxlength=\"180\" ><\/textarea><span id=\"forminator-field-textarea-1_69d7ed84aab80-description\" class=\"forminator-description\"><span data-limit=\"180\" data-type=\"characters\">0 \/ 180<\/span><\/span><\/div><\/div><\/div><div class=\"forminator-row\"><div id=\"upload-1\" class=\"forminator-field-upload forminator-col forminator-col-12 \"><div class=\"forminator-field\"><label for=\"forminator-field-upload-1_69d7ed84aab80\" id=\"forminator-field-upload-1_69d7ed84aab80-label\" class=\"forminator-label\">Do\u0142\u0105cz plik<\/label><div class=\"forminator-file-upload \" data-element=\"upload-1_69d7ed84aab80\" aria-describedby=\"forminator-field-upload-1_69d7ed84aab80-description\"><input type=\"file\" name=\"upload-1\" id=\"forminator-field-upload-1_69d7ed84aab80\" class=\"forminator-input-file\" accept=\".jpg,.jpeg,.jpe,.gif,.png,.bmp,.tiff,.tif,.webp,.ico,.heic,.asf,.asx,.wmv,.wmx,.wm,.avi,.divx,.flv,.mov,.qt,.mpeg,.mpg,.mpe,.mp4,.m4v,.ogv,.webm,.mkv,.3gp,.3gpp,.3g2,.3gp2,.txt,.asc,.c,.cc,.h,.srt,.csv,.tsv,.ics,.rtx,.css,.htm,.html,.vtt,.dfxp,.mp3,.m4a,.m4b,.aac,.ra,.ram,.wav,.ogg,.oga,.flac,.mid,.midi,.wma,.wax,.mka,.rtf,.js,.pdf,.class,.tar,.zip,.gz,.gzip,.rar,.7z,.psd,.xcf,.doc,.pot,.pps,.ppt,.wri,.xla,.xls,.xlt,.xlw,.mdb,.mpp,.docx,.docm,.dotx,.dotm,.xlsx,.xlsm,.xlsb,.xltx,.xltm,.xlam,.pptx,.pptm,.ppsx,.ppsm,.potx,.potm,.ppam,.sldx,.sldm,.onetoc,.onetoc2,.onetmp,.onepkg,.oxps,.xps,.odt,.odp,.ods,.odg,.odc,.odb,.odf,.wp,.wpd,.key,.numbers,.pages,.svg\"><button id=\"forminator-field-upload-1_69d7ed84aab80_button\" class=\"forminator-button forminator-button-upload\" data-id=\"forminator-field-upload-1_69d7ed84aab80\"><span>Wybierz plik<\/span><span aria-hidden=\"true\"><\/span><\/button><span data-empty-text=\"Nie wybrano \u017cadnego pliku\">Nie wybrano \u017cadnego pliku<\/span><button class=\"forminator-button-delete\" style=\"display: none;\"><i class=\"forminator-icon-close\" aria-hidden=\"true\"><\/i><span class=\"forminator-screen-reader-only\">Usu\u0144 przes\u0142any plik<\/span><\/button><\/div><\/div><\/div><\/div><div class=\"forminator-row\"><div id=\"consent-1\" class=\"forminator-field-consent forminator-col forminator-col-12 \"><div class=\"forminator-field\"><div class=\"forminator-checkbox__wrapper\"><label for=\"forminator-field-consent-1_69d7ed84aab80\" id=\"forminator-field-consent-1_69d7ed84aab80__label\" class=\"forminator-checkbox forminator-consent\" style=\"margin: 0;\"><input type=\"checkbox\" name=\"consent-1\" id=\"forminator-field-consent-1_69d7ed84aab80\" value=\"checked\" aria-labelledby=\"forminator-field-consent-1_69d7ed84aab80-label\" aria-describedby=\"forminator-field-consent-1_69d7ed84aab80__description\" data-required=\"true\" aria-required=\"true\" \/><span class=\"forminator-checkbox-box\" aria-hidden=\"true\"><\/span><\/label><div id=\"forminator-field-consent-1_69d7ed84aab80__description\" class=\"forminator-checkbox__label forminator-consent__label\"><p>Tak, zgadzam si\u0119 z <a href=\"https:\/\/kancelariarachunkowa.eu\/polityka-prywatnosci\/\" target=\"_blank\" rel=\"noopener\">polityk\u0105 prywatno\u015bci.<\/a><\/p><\/div><\/div><\/div><\/div><\/div><input type=\"hidden\" name=\"referer_url\" value=\"\" \/><div class=\"forminator-row forminator-row-last\"><div class=\"forminator-col\"><div class=\"forminator-field\"><button class=\"forminator-button forminator-button-submit\"><span>Wy\u015blij wiadomo\u015b\u0107<\/span><span aria-hidden=\"true\"><\/span><\/button><\/div><\/div><\/div><input type=\"hidden\" id=\"forminator_nonce\" name=\"forminator_nonce\" value=\"3dfc59bba6\" \/><input type=\"hidden\" name=\"_wp_http_referer\" value=\"\/index.php?rest_route=%2Fwp%2Fv2%2Fpages%2F5\" \/><input type=\"hidden\" name=\"form_id\" value=\"7\"><input type=\"hidden\" name=\"page_id\" value=\"5\"><input type=\"hidden\" name=\"form_type\" value=\"default\"><input type=\"hidden\" name=\"current_url\" value=\"https:\/\/rawiczraciborscy.pl\/\"><input type=\"hidden\" name=\"render_id\" value=\"0\"><input type=\"hidden\" name=\"action\" value=\"forminator_submit_form_custom-forms\"><\/form><\/div>\n<\/div>\n<\/div>\n","protected":false},"excerpt":{"rendered":"<p>Dane kontaktowe Skontaktuj si\u0119 z nami. E-mailbiuro@rawiczraciborscy.pl Zadzwo\u0144+48 606 707 667+48 668 662 462 Adresul. Wroc\u0142awska 53C\/9430-011 Krak\u00f3w Wy\u015blij wiadomo\u015b\u0107<\/p>\n","protected":false},"author":1,"featured_media":0,"parent":0,"menu_order":0,"comment_status":"closed","ping_status":"closed","template":"","meta":{"footnotes":""},"class_list":["post-5","page","type-page","status-publish","hentry"],"blocksy_meta":{"styles_descriptor":{"styles":{"desktop":"","tablet":"","mobile":""},"google_fonts":[],"version":4}},"_links":{"self":[{"href":"https:\/\/rawiczraciborscy.pl\/index.php?rest_route=\/wp\/v2\/pages\/5","targetHints":{"allow":["GET"]}}],"collection":[{"href":"https:\/\/rawiczraciborscy.pl\/index.php?rest_route=\/wp\/v2\/pages"}],"about":[{"href":"https:\/\/rawiczraciborscy.pl\/index.php?rest_route=\/wp\/v2\/types\/page"}],"author":[{"embeddable":true,"href":"https:\/\/rawiczraciborscy.pl\/index.php?rest_route=\/wp\/v2\/users\/1"}],"replies":[{"embeddable":true,"href":"https:\/\/rawiczraciborscy.pl\/index.php?rest_route=%2Fwp%2Fv2%2Fcomments&post=5"}],"version-history":[{"count":6,"href":"https:\/\/rawiczraciborscy.pl\/index.php?rest_route=\/wp\/v2\/pages\/5\/revisions"}],"predecessor-version":[{"id":47,"href":"https:\/\/rawiczraciborscy.pl\/index.php?rest_route=\/wp\/v2\/pages\/5\/revisions\/47"}],"wp:attachment":[{"href":"https:\/\/rawiczraciborscy.pl\/index.php?rest_route=%2Fwp%2Fv2%2Fmedia&parent=5"}],"curies":[{"name":"wp","href":"https:\/\/api.w.org\/{rel}","templated":true}]}}